{"id":594,"date":"2023-10-27T13:12:46","date_gmt":"2023-10-27T13:12:46","guid":{"rendered":"https:\/\/wordpress.volpi-sera.ch\/wordpress\/?post_type=product&#038;p=594"},"modified":"2025-03-15T09:53:25","modified_gmt":"2025-03-15T09:53:25","slug":"victoria","status":"publish","type":"product","link":"https:\/\/volpi-sera.ch\/index.php\/product\/victoria\/","title":{"rendered":"Victoria"},"content":{"rendered":"<p>das Korsett mit Federkragen. Dieses verf\u00fchrerische Korsett ist aus luxuri\u00f6sem Samt gefertigt und verf\u00fcgt \u00fcber atemberaubende violette Highlights, die das Auge magisch anziehen. In einem klassischen Schwarz gehalten, ist dieses Korsett sowohl raffiniert als auch verf\u00fchrerisch und verleiht Ihnen eine unwiderstehliche Ausstrahlung. Der praktische Rei\u00dfverschluss erm\u00f6glicht ein einfaches An- und Ausziehen, w\u00e4hrend der Federschmuck am Kragen Ihrem Look eine unvergleichliche Eleganz verleiht. Ein absolutes Must-Have f\u00fcr Ihre Garderobe, das Korsett mit Federkragen verk\u00f6rpert Luxus und Sinnlichkeit in Perfektion.<\/p>\n","protected":false},"excerpt":{"rendered":"<p>Entdecken Sie unser verf\u00fchrerisches Samt-Korsett mit violetten Highlights und einem Federschmuckkragen. In elegantem Schwarz gehalten und mit einem praktischen Rei\u00dfverschluss ausgestattet, verleiht dieses Korsett Ihrem Look einen Hauch von Luxus und Sinnlichkeit. Ein absolutes Must-Have f\u00fcr Ihre Garderobe.<\/p>\n","protected":false},"featured_media":95,"comment_status":"open","ping_status":"closed","template":"","meta":[],"product_brand":[],"product_cat":[16],"product_tag":[20,19,18,21],"class_list":{"0":"post-594","1":"product","2":"type-product","3":"status-publish","4":"has-post-thumbnail","6":"product_cat-uncategorized","7":"product_tag-cameo","8":"product_tag-federn","9":"product_tag-korsett","10":"product_tag-viktorianisch","12":"first","13":"instock","14":"sold-individually","15":"shipping-taxable","16":"purchasable","17":"product-type-simple"},"jetpack_sharing_enabled":true,"_links":{"self":[{"href":"https:\/\/volpi-sera.ch\/index.php\/wp-json\/wp\/v2\/product\/594","targetHints":{"allow":["GET"]}}],"collection":[{"href":"https:\/\/volpi-sera.ch\/index.php\/wp-json\/wp\/v2\/product"}],"about":[{"href":"https:\/\/volpi-sera.ch\/index.php\/wp-json\/wp\/v2\/types\/product"}],"replies":[{"embeddable":true,"href":"https:\/\/volpi-sera.ch\/index.php\/wp-json\/wp\/v2\/comments?post=594"}],"wp:featuredmedia":[{"embeddable":true,"href":"https:\/\/volpi-sera.ch\/index.php\/wp-json\/wp\/v2\/media\/95"}],"wp:attachment":[{"href":"https:\/\/volpi-sera.ch\/index.php\/wp-json\/wp\/v2\/media?parent=594"}],"wp:term":[{"taxonomy":"product_brand","embeddable":true,"href":"https:\/\/volpi-sera.ch\/index.php\/wp-json\/wp\/v2\/product_brand?post=594"},{"taxonomy":"product_cat","embeddable":true,"href":"https:\/\/volpi-sera.ch\/index.php\/wp-json\/wp\/v2\/product_cat?post=594"},{"taxonomy":"product_tag","embeddable":true,"href":"https:\/\/volpi-sera.ch\/index.php\/wp-json\/wp\/v2\/product_tag?post=594"}],"curies":[{"name":"wp","href":"https:\/\/api.w.org\/{rel}","templated":true}]}}